{"id":2,"date":"2014-01-24T20:20:25","date_gmt":"2014-01-24T20:20:25","guid":{"rendered":"http:\/\/www.mcmanuelacosta.com\/wordpress\/?page_id=2"},"modified":"2017-05-11T17:30:13","modified_gmt":"2017-05-11T16:30:13","slug":"pagina-exemplo","status":"publish","type":"page","link":"https:\/\/www.grupomc.pt\/?page_id=2","title":{"rendered":"Quem Somos"},"content":{"rendered":"<p>O Grupo MC tem um conjunto de empresas qualificadas na presta\u00e7\u00e3o dos seguintes servi\u00e7os:<\/p>\n<ul>\n<li>Contabilidade, financeiros, recursos humanos e auditoria para apoio \u00e0 gest\u00e3o das empresas<\/li>\n<li>Recrutamento e Selec\u00e7\u00e3o<\/li>\n<li>Media\u00e7\u00e3o de Seguros<\/li>\n<li>Servi\u00e7os Jur\u00eddicos<\/li>\n<\/ul>\n<p>O Grupo pauta a sua actividade pela presta\u00e7\u00e3o de informa\u00e7\u00f5es relevantes e adequadas, disponibilizadas em tempo \u00fatil, para que sejam tomadas decis\u00f5es conscientes, definidas estrat\u00e9gias e escalonadas prioridades.<\/p>\n<p>A combina\u00e7\u00e3o entre maturidade e juventude dos nossos colaboradores permite garantir a todos os nossos clientes um servi\u00e7o de excel\u00eancia.<\/p>\n<p>Procuramos contribuir para melhorar a competitividade dos nossos clientes, e consequentemente, ajud\u00e1-los a alcan\u00e7ar as suas metas e objectivos.<\/p>\n<p>O nosso sucesso \u00e9 uma inevit\u00e1vel simbiose do sucesso dos nossos clientes.<\/p>\n<p><strong>A nossa equipa:<br \/>\n<\/strong>Fundador: Manuel Cardoso<br \/>\nCristiana Sousa &#8211; colaboradora<\/p>\n","protected":false},"excerpt":{"rendered":"<p>O Grupo MC tem um conjunto de empresas qualificadas na presta\u00e7\u00e3o dos seguintes servi\u00e7os: Contabilidade, financeiros, recursos humanos e auditoria para apoio \u00e0 gest\u00e3o das empresas Recrutamento e Selec\u00e7\u00e3o Media\u00e7\u00e3o de Seguros Servi\u00e7os Jur\u00eddicos O Grupo pauta a sua actividade pela presta\u00e7\u00e3o de informa\u00e7\u00f5es relevantes e adequadas, disponibilizadas em tempo \u00fatil, para que sejam tomadas [&hellip;]<\/p>\n","protected":false},"author":1,"featured_media":0,"parent":0,"menu_order":0,"comment_status":"closed","ping_status":"closed","template":"","meta":{"spay_email":""},"_links":{"self":[{"href":"https:\/\/www.grupomc.pt\/index.php?rest_route=\/wp\/v2\/pages\/2"}],"collection":[{"href":"https:\/\/www.grupomc.pt\/index.php?rest_route=\/wp\/v2\/pages"}],"about":[{"href":"https:\/\/www.grupomc.pt\/index.php?rest_route=\/wp\/v2\/types\/page"}],"author":[{"embeddable":true,"href":"https:\/\/www.grupomc.pt\/index.php?rest_route=\/wp\/v2\/users\/1"}],"replies":[{"embeddable":true,"href":"https:\/\/www.grupomc.pt\/index.php?rest_route=%2Fwp%2Fv2%2Fcomments&post=2"}],"version-history":[{"count":9,"href":"https:\/\/www.grupomc.pt\/index.php?rest_route=\/wp\/v2\/pages\/2\/revisions"}],"predecessor-version":[{"id":147,"href":"https:\/\/www.grupomc.pt\/index.php?rest_route=\/wp\/v2\/pages\/2\/revisions\/147"}],"wp:attachment":[{"href":"https:\/\/www.grupomc.pt\/index.php?rest_route=%2Fwp%2Fv2%2Fmedia&parent=2"}],"curies":[{"name":"wp","href":"https:\/\/api.w.org\/{rel}","templated":true}]}}