{"id":26,"date":"2014-02-05T23:16:55","date_gmt":"2014-02-05T23:16:55","guid":{"rendered":"http:\/\/www.mcmanuelacosta.com\/wordpress\/?page_id=26"},"modified":"2015-05-11T15:30:36","modified_gmt":"2015-05-11T14:30:36","slug":"contabilidade","status":"publish","type":"page","link":"https:\/\/www.grupomc.pt\/?page_id=26","title":{"rendered":"Contabilidade"},"content":{"rendered":"<p><a href=\"mailto:agostinho_cardoso@hotmail.com\">agostinho_cardoso@hotmail.com<\/a> | <a title=\"Links relacionados\" href=\"http:\/\/www.grupomc.pt\/?page_id=52\">Links relacionados<\/a><\/p>\n<p>Precisa de entregar os impressos do IRS e n\u00e3o sabe como deve preench\u00ea-los? Tem uma empresa para gerir, mas n\u00e3o percebe de contabilidade?Deixe isso connosco e dedique-se ao que sabe fazer melhor, o seu trabalho.<\/p>\n<p>Ter a contabilidade em dia \u00e9 fundamental para o sucesso de uma empresa, permitindo n\u00e3o s\u00f3 conhecer os resultados da gest\u00e3o, confrontando os custos com as despesas, como prever o desenvolvimento da empresa. Uma contabilidade feita de forma adequada e correcta garante a fiscaliza\u00e7\u00e3o e a efici\u00eancia da gest\u00e3o financeira, seja ela p\u00fablica ou privada. Permite ainda o lan\u00e7amento dos impostos sobre o rendimento das empresas e os particulares, nomeadamente o IRC e o IRS.<\/p>\n<p>A nossa empresa tem ao seu dispor uma variedade de servi\u00e7os relacionados com a \u00e1rea contabil\u00edstica:<\/p>\n<ul>\n<li><a title=\"Contabilidade Externa\" href=\"http:\/\/www.grupomc.pt\/?page_id=41\">Contabilidade Externa<\/a><\/li>\n<li><a title=\"Contabilidade Interna\" href=\"http:\/\/www.grupomc.pt\/?page_id=43\">Contabilidade Interna<\/a><\/li>\n<li><a title=\"Recursos Humanos\" href=\"http:\/\/www.grupomc.pt\/?page_id=45\">Recursos Humanos<\/a><\/li>\n<li><a title=\"Apoio Administrativo\" href=\"http:\/\/www.grupomc.pt\/?page_id=47\">Apoio Administrativo<\/a><\/li>\n<li><a title=\"Consultadoria\" href=\"http:\/\/www.grupomc.pt\/?page_id=49\">Consultadoria<\/a><\/li>\n<\/ul>\n","protected":false},"excerpt":{"rendered":"<p>agostinho_cardoso@hotmail.com | Links relacionados Precisa de entregar os impressos do IRS e n\u00e3o sabe como deve preench\u00ea-los? Tem uma empresa para gerir, mas n\u00e3o percebe de contabilidade?Deixe isso connosco e dedique-se ao que sabe fazer melhor, o seu trabalho. Ter a contabilidade em dia \u00e9 fundamental para o sucesso de uma empresa, permitindo n\u00e3o s\u00f3 [&hellip;]<\/p>\n","protected":false},"author":1,"featured_media":0,"parent":24,"menu_order":0,"comment_status":"closed","ping_status":"open","template":"","meta":{"spay_email":""},"_links":{"self":[{"href":"https:\/\/www.grupomc.pt\/index.php?rest_route=\/wp\/v2\/pages\/26"}],"collection":[{"href":"https:\/\/www.grupomc.pt\/index.php?rest_route=\/wp\/v2\/pages"}],"about":[{"href":"https:\/\/www.grupomc.pt\/index.php?rest_route=\/wp\/v2\/types\/page"}],"author":[{"embeddable":true,"href":"https:\/\/www.grupomc.pt\/index.php?rest_route=\/wp\/v2\/users\/1"}],"replies":[{"embeddable":true,"href":"https:\/\/www.grupomc.pt\/index.php?rest_route=%2Fwp%2Fv2%2Fcomments&post=26"}],"version-history":[{"count":11,"href":"https:\/\/www.grupomc.pt\/index.php?rest_route=\/wp\/v2\/pages\/26\/revisions"}],"predecessor-version":[{"id":156,"href":"https:\/\/www.grupomc.pt\/index.php?rest_route=\/wp\/v2\/pages\/26\/revisions\/156"}],"up":[{"embeddable":true,"href":"https:\/\/www.grupomc.pt\/index.php?rest_route=\/wp\/v2\/pages\/24"}],"wp:attachment":[{"href":"https:\/\/www.grupomc.pt\/index.php?rest_route=%2Fwp%2Fv2%2Fmedia&parent=26"}],"curies":[{"name":"wp","href":"https:\/\/api.w.org\/{rel}","templated":true}]}}