{"id":32,"date":"2014-02-05T23:18:13","date_gmt":"2014-02-05T23:18:13","guid":{"rendered":"http:\/\/www.mcmanuelacosta.com\/wordpress\/?page_id=32"},"modified":"2015-05-11T23:55:56","modified_gmt":"2015-05-11T22:55:56","slug":"mediacao-de-seguros","status":"publish","type":"page","link":"https:\/\/www.grupomc.pt\/?page_id=32","title":{"rendered":"Media\u00e7\u00e3o de Seguros"},"content":{"rendered":"<p><span style=\"font-size: 1.4rem; line-height: 1.6;\">Todos estamos sujeitos a que algo de menos bom nos aconte\u00e7a. H\u00e1 acidentes rodovi\u00e1rios, inunda\u00e7\u00f5es, assaltos e pessoas feridas diariamente.<\/span><\/p>\n<p>E como n\u00e3o acontece somente aos outros, a lei j\u00e1 prev\u00ea alguns seguros obrigat\u00f3rios, nomeadamente o do ve\u00edculo autom\u00f3vel e o da habita\u00e7\u00e3o.<br \/>\nH\u00e1 que estar prevenido para que um pequeno contratempo n\u00e3o tenha consequ\u00eancias catastr\u00f3ficas na nossa vida e na nossa carteira.<\/p>\n<p>A pensar em si, a MC Media\u00e7\u00e3o de Seguros est\u00e1 inscrita no instituto de Seguros de Portugal, sendo por isso, autorizada a apresentar, propor e celebrar contratos de seguros assim como a prestar assist\u00eancia, enquanto mediadores de seguros.<\/p>\n<p><img loading=\"lazy\" class=\"alignnone size-full wp-image-123\" alt=\"Allianz\" src=\"http:\/\/www.grupomc.pt\/wp-content\/uploads\/2014\/02\/allianz.jpg\" width=\"151\" height=\"50\" srcset=\"https:\/\/www.grupomc.pt\/wp-content\/uploads\/2014\/02\/allianz.jpg 151w, https:\/\/www.grupomc.pt\/wp-content\/uploads\/2014\/02\/allianz-150x50.jpg 150w\" sizes=\"(max-width: 151px) 100vw, 151px\" \/><img loading=\"lazy\" class=\"alignnone size-full wp-image-124\" alt=\"Fidelidade\" src=\"http:\/\/www.grupomc.pt\/wp-content\/uploads\/2014\/02\/fidelidade.jpg\" width=\"146\" height=\"80\" \/><img loading=\"lazy\" class=\"alignnone size-full wp-image-126\" alt=\"Zurich\" src=\"http:\/\/www.grupomc.pt\/wp-content\/uploads\/2014\/02\/zurich.jpg\" width=\"104\" height=\"70\" \/> <img loading=\"lazy\" class=\"alignnone size-full wp-image-125\" alt=\"Lusitania\" src=\"http:\/\/www.grupomc.pt\/wp-content\/uploads\/2014\/02\/lusitania_seguros.jpg\" width=\"109\" height=\"70\" \/>\u00a0<img loading=\"lazy\" class=\"alignnone size-full wp-image-157\" alt=\"AXA\" src=\"http:\/\/www.grupomc.pt\/wp-content\/uploads\/2014\/02\/120px-AXA-logo.png\" width=\"70\" height=\"70\" \/><br \/>\nTrabalhamos com quatro seguradoras de renome em Portugal:<br \/>\n<a href=\"http:\/\/www.allianz.pt\/\" target=\"_blank\">Allianz<\/a>, <a href=\"http:\/\/www.fidelidademundial.pt\/Pages\/Home.aspx\" target=\"_blank\">Fidelidade Mundial<\/a>, <a href=\"http:\/\/www.zurich.com\/portugal\/home\/home.htm\" target=\"_blank\">Zurich<\/a>,\u00a0<a href=\"http:\/\/www.lusitania.pt\/\" target=\"_blank\">Lusitania<\/a>\u00a0e <a href=\"https:\/\/www.axa.pt\/\" target=\"_blank\">Axa<\/a>.<br \/>\nConsulte-nos para se informar sobre os seguros mais adequados ao seu caso, de forma que abranjam os incidentes realmente importantes e n\u00e3o tenha de pagar mais por isso.<\/p>\n<p>Para mais informa\u00e7\u00f5es sobre Media\u00e7\u00e3o de Seguros, consulte:<\/p>\n<ul>\n<li><a href=\"http:\/\/www.isp.pt\/NR\/exeres\/97C24D91-5FD7-4874-9D7D-FFE049D206D9.htm\" target=\"_blank\">Instituto de Seguros de Portugal<\/a><\/li>\n<li><a href=\"http:\/\/www.apseguradores.pt\/Site\/Home.jsf\" target=\"_blank\">Associa\u00e7\u00e3o Portuguesa de Seguradores<\/a><\/li>\n<li><a href=\"http:\/\/www.cnpr.pt\/\" target=\"_blank\">C\u00e2mara Nacional de Peritos Reguladores<\/a><\/li>\n<li><a href=\"http:\/\/particulares.allianz.pt\/informacoes\/glossario\/index.html\" target=\"_blank\">Gloss\u00e1rio<\/a> de termos relacionados<\/li>\n<\/ul>\n","protected":false},"excerpt":{"rendered":"<p>Todos estamos sujeitos a que algo de menos bom nos aconte\u00e7a. H\u00e1 acidentes rodovi\u00e1rios, inunda\u00e7\u00f5es, assaltos e pessoas feridas diariamente. E como n\u00e3o acontece somente aos outros, a lei j\u00e1 prev\u00ea alguns seguros obrigat\u00f3rios, nomeadamente o do ve\u00edculo autom\u00f3vel e o da habita\u00e7\u00e3o. H\u00e1 que estar prevenido para que um pequeno contratempo n\u00e3o tenha consequ\u00eancias [&hellip;]<\/p>\n","protected":false},"author":1,"featured_media":0,"parent":24,"menu_order":0,"comment_status":"closed","ping_status":"open","template":"","meta":{"spay_email":""},"_links":{"self":[{"href":"https:\/\/www.grupomc.pt\/index.php?rest_route=\/wp\/v2\/pages\/32"}],"collection":[{"href":"https:\/\/www.grupomc.pt\/index.php?rest_route=\/wp\/v2\/pages"}],"about":[{"href":"https:\/\/www.grupomc.pt\/index.php?rest_route=\/wp\/v2\/types\/page"}],"author":[{"embeddable":true,"href":"https:\/\/www.grupomc.pt\/index.php?rest_route=\/wp\/v2\/users\/1"}],"replies":[{"embeddable":true,"href":"https:\/\/www.grupomc.pt\/index.php?rest_route=%2Fwp%2Fv2%2Fcomments&post=32"}],"version-history":[{"count":14,"href":"https:\/\/www.grupomc.pt\/index.php?rest_route=\/wp\/v2\/pages\/32\/revisions"}],"predecessor-version":[{"id":161,"href":"https:\/\/www.grupomc.pt\/index.php?rest_route=\/wp\/v2\/pages\/32\/revisions\/161"}],"up":[{"embeddable":true,"href":"https:\/\/www.grupomc.pt\/index.php?rest_route=\/wp\/v2\/pages\/24"}],"wp:attachment":[{"href":"https:\/\/www.grupomc.pt\/index.php?rest_route=%2Fwp%2Fv2%2Fmedia&parent=32"}],"curies":[{"name":"wp","href":"https:\/\/api.w.org\/{rel}","templated":true}]}}