{"id":41,"date":"2014-02-06T15:25:04","date_gmt":"2014-02-06T15:25:04","guid":{"rendered":"http:\/\/www.mcmanuelacosta.com\/wordpress\/?page_id=41"},"modified":"2014-02-08T01:33:16","modified_gmt":"2014-02-08T01:33:16","slug":"contabilidade-externa","status":"publish","type":"page","link":"https:\/\/www.grupomc.pt\/?page_id=41","title":{"rendered":"Contabilidade Externa"},"content":{"rendered":"<p>Supervisionamos e acompanhamos os nossos clientes, na pr\u00e1tica da contabilidade, nas suas instala\u00e7\u00f5es.<\/p>\n<p>Para que n\u00e3o se perca na execu\u00e7\u00e3o da contabilidade e fa\u00e7a as declara\u00e7\u00f5es fiscais obrigat\u00f3rias sem dificuldade, nas pequenas e m\u00e9dias empresas, os nossos funcion\u00e1rios deslocam-se pessoalmente \u00e0 empresa do cliente, para acompanh\u00e1-los e supervision\u00e1-los na pr\u00e1tica destas tarefas. Assim como na cria\u00e7\u00e3o e manuten\u00e7\u00e3o de relat\u00f3rios peri\u00f3dicos de apoio \u00e0 gest\u00e3o.<\/p>\n<p>Nos casos de outsourcing financeiro, todos os servi\u00e7os s\u00e3o efectuados pelo nosso pessoal especializado.<\/p>\n","protected":false},"excerpt":{"rendered":"<p>Supervisionamos e acompanhamos os nossos clientes, na pr\u00e1tica da contabilidade, nas suas instala\u00e7\u00f5es. Para que n\u00e3o se perca na execu\u00e7\u00e3o da contabilidade e fa\u00e7a as declara\u00e7\u00f5es fiscais obrigat\u00f3rias sem dificuldade, nas pequenas e m\u00e9dias empresas, os nossos funcion\u00e1rios deslocam-se pessoalmente \u00e0 empresa do cliente, para acompanh\u00e1-los e supervision\u00e1-los na pr\u00e1tica destas tarefas. Assim como na [&hellip;]<\/p>\n","protected":false},"author":1,"featured_media":0,"parent":26,"menu_order":0,"comment_status":"closed","ping_status":"open","template":"","meta":{"spay_email":""},"_links":{"self":[{"href":"https:\/\/www.grupomc.pt\/index.php?rest_route=\/wp\/v2\/pages\/41"}],"collection":[{"href":"https:\/\/www.grupomc.pt\/index.php?rest_route=\/wp\/v2\/pages"}],"about":[{"href":"https:\/\/www.grupomc.pt\/index.php?rest_route=\/wp\/v2\/types\/page"}],"author":[{"embeddable":true,"href":"https:\/\/www.grupomc.pt\/index.php?rest_route=\/wp\/v2\/users\/1"}],"replies":[{"embeddable":true,"href":"https:\/\/www.grupomc.pt\/index.php?rest_route=%2Fwp%2Fv2%2Fcomments&post=41"}],"version-history":[{"count":2,"href":"https:\/\/www.grupomc.pt\/index.php?rest_route=\/wp\/v2\/pages\/41\/revisions"}],"predecessor-version":[{"id":116,"href":"https:\/\/www.grupomc.pt\/index.php?rest_route=\/wp\/v2\/pages\/41\/revisions\/116"}],"up":[{"embeddable":true,"href":"https:\/\/www.grupomc.pt\/index.php?rest_route=\/wp\/v2\/pages\/26"}],"wp:attachment":[{"href":"https:\/\/www.grupomc.pt\/index.php?rest_route=%2Fwp%2Fv2%2Fmedia&parent=41"}],"curies":[{"name":"wp","href":"https:\/\/api.w.org\/{rel}","templated":true}]}}