{"id":43,"date":"2014-02-06T15:25:44","date_gmt":"2014-02-06T15:25:44","guid":{"rendered":"http:\/\/www.mcmanuelacosta.com\/wordpress\/?page_id=43"},"modified":"2014-02-08T01:34:54","modified_gmt":"2014-02-08T01:34:54","slug":"contabilidade-interna","status":"publish","type":"page","link":"https:\/\/www.grupomc.pt\/?page_id=43","title":{"rendered":"Contabilidade Interna"},"content":{"rendered":"<p>Como qualquer empres\u00e1rio bem sabe, \u201ctempo \u00e9 dinheiro\u201d, pelo que nem sempre existem funcion\u00e1rios dispon\u00edveis para a execu\u00e7\u00e3o devida da contabilidade. Se \u00e9 esse o seu caso, n\u00e3o deixe acumular o trabalho e fale connosco.<\/p>\n<p>Porque uma contabilidade em dia \u00e9 fundamental para o progresso da sua empresa, o nosso pessoal especializado recupera e executa qualquer tipo de contabilidade, produzindo an\u00e1lises e relat\u00f3rios peri\u00f3dicos. Disponibilizamos ainda um apoio personalizado \u00e0 gest\u00e3o das empresas e tratamos do preenchimento e entrega das declara\u00e7\u00f5es fiscais, entre outras.<br \/>\nTudo isto sem que tenha de se preocupar com nada ou entrar a fundo no \u00e2mbito da contabilidade.<\/p>\n","protected":false},"excerpt":{"rendered":"<p>Como qualquer empres\u00e1rio bem sabe, \u201ctempo \u00e9 dinheiro\u201d, pelo que nem sempre existem funcion\u00e1rios dispon\u00edveis para a execu\u00e7\u00e3o devida da contabilidade. Se \u00e9 esse o seu caso, n\u00e3o deixe acumular o trabalho e fale connosco. Porque uma contabilidade em dia \u00e9 fundamental para o progresso da sua empresa, o nosso pessoal especializado recupera e executa [&hellip;]<\/p>\n","protected":false},"author":1,"featured_media":0,"parent":26,"menu_order":0,"comment_status":"closed","ping_status":"open","template":"","meta":{"spay_email":""},"_links":{"self":[{"href":"https:\/\/www.grupomc.pt\/index.php?rest_route=\/wp\/v2\/pages\/43"}],"collection":[{"href":"https:\/\/www.grupomc.pt\/index.php?rest_route=\/wp\/v2\/pages"}],"about":[{"href":"https:\/\/www.grupomc.pt\/index.php?rest_route=\/wp\/v2\/types\/page"}],"author":[{"embeddable":true,"href":"https:\/\/www.grupomc.pt\/index.php?rest_route=\/wp\/v2\/users\/1"}],"replies":[{"embeddable":true,"href":"https:\/\/www.grupomc.pt\/index.php?rest_route=%2Fwp%2Fv2%2Fcomments&post=43"}],"version-history":[{"count":2,"href":"https:\/\/www.grupomc.pt\/index.php?rest_route=\/wp\/v2\/pages\/43\/revisions"}],"predecessor-version":[{"id":117,"href":"https:\/\/www.grupomc.pt\/index.php?rest_route=\/wp\/v2\/pages\/43\/revisions\/117"}],"up":[{"embeddable":true,"href":"https:\/\/www.grupomc.pt\/index.php?rest_route=\/wp\/v2\/pages\/26"}],"wp:attachment":[{"href":"https:\/\/www.grupomc.pt\/index.php?rest_route=%2Fwp%2Fv2%2Fmedia&parent=43"}],"curies":[{"name":"wp","href":"https:\/\/api.w.org\/{rel}","templated":true}]}}