{"id":45,"date":"2014-02-06T15:26:17","date_gmt":"2014-02-06T15:26:17","guid":{"rendered":"http:\/\/www.mcmanuelacosta.com\/wordpress\/?page_id=45"},"modified":"2014-02-08T01:35:17","modified_gmt":"2014-02-08T01:35:17","slug":"recursos-humanos","status":"publish","type":"page","link":"https:\/\/www.grupomc.pt\/?page_id=45","title":{"rendered":"Recursos Humanos"},"content":{"rendered":"<p>Todos os detalhes relacionados com os recursos humanos, nomeadamente o processamento de sal\u00e1rios, os contratos de trabalho, a seguran\u00e7a social e os elementos exigidos pela Autoridade para as Condi\u00e7\u00f5es do Trabalho s\u00e3o tratados por n\u00f3s, para que n\u00e3o tenha de se preocupar.<\/p>\n","protected":false},"excerpt":{"rendered":"<p>Todos os detalhes relacionados com os recursos humanos, nomeadamente o processamento de sal\u00e1rios, os contratos de trabalho, a seguran\u00e7a social e os elementos exigidos pela Autoridade para as Condi\u00e7\u00f5es do Trabalho s\u00e3o tratados por n\u00f3s, para que n\u00e3o tenha de se preocupar.<\/p>\n","protected":false},"author":1,"featured_media":0,"parent":26,"menu_order":0,"comment_status":"closed","ping_status":"open","template":"","meta":{"spay_email":""},"_links":{"self":[{"href":"https:\/\/www.grupomc.pt\/index.php?rest_route=\/wp\/v2\/pages\/45"}],"collection":[{"href":"https:\/\/www.grupomc.pt\/index.php?rest_route=\/wp\/v2\/pages"}],"about":[{"href":"https:\/\/www.grupomc.pt\/index.php?rest_route=\/wp\/v2\/types\/page"}],"author":[{"embeddable":true,"href":"https:\/\/www.grupomc.pt\/index.php?rest_route=\/wp\/v2\/users\/1"}],"replies":[{"embeddable":true,"href":"https:\/\/www.grupomc.pt\/index.php?rest_route=%2Fwp%2Fv2%2Fcomments&post=45"}],"version-history":[{"count":2,"href":"https:\/\/www.grupomc.pt\/index.php?rest_route=\/wp\/v2\/pages\/45\/revisions"}],"predecessor-version":[{"id":118,"href":"https:\/\/www.grupomc.pt\/index.php?rest_route=\/wp\/v2\/pages\/45\/revisions\/118"}],"up":[{"embeddable":true,"href":"https:\/\/www.grupomc.pt\/index.php?rest_route=\/wp\/v2\/pages\/26"}],"wp:attachment":[{"href":"https:\/\/www.grupomc.pt\/index.php?rest_route=%2Fwp%2Fv2%2Fmedia&parent=45"}],"curies":[{"name":"wp","href":"https:\/\/api.w.org\/{rel}","templated":true}]}}