{"id":47,"date":"2014-02-06T15:26:38","date_gmt":"2014-02-06T15:26:38","guid":{"rendered":"http:\/\/www.mcmanuelacosta.com\/wordpress\/?page_id=47"},"modified":"2014-02-08T01:35:43","modified_gmt":"2014-02-08T01:35:43","slug":"apoio-administrativo","status":"publish","type":"page","link":"https:\/\/www.grupomc.pt\/?page_id=47","title":{"rendered":"Apoio Administrativo"},"content":{"rendered":"<p>Representamos os seus interesses junto das entidades oficiais para que n\u00e3o tenha de perder o seu tempo em filas de espera.<br \/>\nSendo assim, tratamos de documenta\u00e7\u00e3o espec\u00edfica, entregamos declara\u00e7\u00f5es e pagamos os impostos e contribui\u00e7\u00f5es por si.<\/p>\n","protected":false},"excerpt":{"rendered":"<p>Representamos os seus interesses junto das entidades oficiais para que n\u00e3o tenha de perder o seu tempo em filas de espera. Sendo assim, tratamos de documenta\u00e7\u00e3o espec\u00edfica, entregamos declara\u00e7\u00f5es e pagamos os impostos e contribui\u00e7\u00f5es por si.<\/p>\n","protected":false},"author":1,"featured_media":0,"parent":26,"menu_order":0,"comment_status":"closed","ping_status":"open","template":"","meta":{"spay_email":""},"_links":{"self":[{"href":"https:\/\/www.grupomc.pt\/index.php?rest_route=\/wp\/v2\/pages\/47"}],"collection":[{"href":"https:\/\/www.grupomc.pt\/index.php?rest_route=\/wp\/v2\/pages"}],"about":[{"href":"https:\/\/www.grupomc.pt\/index.php?rest_route=\/wp\/v2\/types\/page"}],"author":[{"embeddable":true,"href":"https:\/\/www.grupomc.pt\/index.php?rest_route=\/wp\/v2\/users\/1"}],"replies":[{"embeddable":true,"href":"https:\/\/www.grupomc.pt\/index.php?rest_route=%2Fwp%2Fv2%2Fcomments&post=47"}],"version-history":[{"count":2,"href":"https:\/\/www.grupomc.pt\/index.php?rest_route=\/wp\/v2\/pages\/47\/revisions"}],"predecessor-version":[{"id":119,"href":"https:\/\/www.grupomc.pt\/index.php?rest_route=\/wp\/v2\/pages\/47\/revisions\/119"}],"up":[{"embeddable":true,"href":"https:\/\/www.grupomc.pt\/index.php?rest_route=\/wp\/v2\/pages\/26"}],"wp:attachment":[{"href":"https:\/\/www.grupomc.pt\/index.php?rest_route=%2Fwp%2Fv2%2Fmedia&parent=47"}],"curies":[{"name":"wp","href":"https:\/\/api.w.org\/{rel}","templated":true}]}}